{"id":64,"date":"2023-09-14T11:36:43","date_gmt":"2023-09-14T11:36:43","guid":{"rendered":"https:\/\/hemnevet.no\/?page_id=64"},"modified":"2025-08-08T13:15:50","modified_gmt":"2025-08-08T11:15:50","slug":"akuttvakt","status":"publish","type":"page","link":"https:\/\/hemnevet.no\/?page_id=64","title":{"rendered":"Akuttvakt"},"content":{"rendered":"\n<p>Vi tilbyr dyrlegevakt for b\u00e5de sm\u00e5dyr og stordyr.<\/p>\n\n\n\n<p>Du kan alltid ringe <strong>72451016<\/strong> og f\u00e5 snakk med oss, ogs\u00e5 hvis du er i tvill om dyret ditt trenger akutthjelp eller ikke. <\/p>\n\n\n\n<p>Vi kj\u00f8re stordyrvakt i hele Heim kommune og del av gammel Snillfjord.<\/p>\n\n\n\n<p>Sm\u00e5dyr behandler vi p\u00e5 klinikken p\u00e5 Kyrks\u00e6ter\u00f8ra. <\/p>\n\n\n\n<p><\/p>\n\n\n<!-- Google tag (gtag.js) -->\n<script async src=\"https:\/\/www.googletagmanager.com\/gtag\/js?id=G-9J0YWHQLM0\"><\/script>\n<script>\n  window.dataLayer = window.dataLayer || [];\n  function gtag(){dataLayer.push(arguments);}\n  gtag('js', new Date());\n\n  gtag('config', 'G-9J0YWHQLM0');\n<\/script>","protected":false},"excerpt":{"rendered":"<p>Vi tilbyr dyrlegevakt for b\u00e5de sm\u00e5dyr og stordyr. Du kan alltid ringe 72451016 og f\u00e5 snakk med oss, ogs\u00e5 hvis du er i tvill om dyret ditt trenger akutthjelp eller ikke. Vi kj\u00f8re stordyrvakt i hele Heim kommune og del av gammel Snillfjord. Sm\u00e5dyr behandler vi p\u00e5 klinikken p\u00e5 Kyrks\u00e6ter\u00f8ra.<\/p>\n","protected":false},"author":1,"featured_media":0,"parent":0,"menu_order":0,"comment_status":"closed","ping_status":"closed","template":"","meta":{"_monsterinsights_skip_tracking":false,"_monsterinsights_sitenote_active":false,"_monsterinsights_sitenote_note":"","_monsterinsights_sitenote_category":0,"footnotes":""},"class_list":["post-64","page","type-page","status-publish","hentry"],"aioseo_notices":[],"_links":{"self":[{"href":"https:\/\/hemnevet.no\/index.php?rest_route=\/wp\/v2\/pages\/64","targetHints":{"allow":["GET"]}}],"collection":[{"href":"https:\/\/hemnevet.no\/index.php?rest_route=\/wp\/v2\/pages"}],"about":[{"href":"https:\/\/hemnevet.no\/index.php?rest_route=\/wp\/v2\/types\/page"}],"author":[{"embeddable":true,"href":"https:\/\/hemnevet.no\/index.php?rest_route=\/wp\/v2\/users\/1"}],"replies":[{"embeddable":true,"href":"https:\/\/hemnevet.no\/index.php?rest_route=%2Fwp%2Fv2%2Fcomments&post=64"}],"version-history":[{"count":2,"href":"https:\/\/hemnevet.no\/index.php?rest_route=\/wp\/v2\/pages\/64\/revisions"}],"predecessor-version":[{"id":282,"href":"https:\/\/hemnevet.no\/index.php?rest_route=\/wp\/v2\/pages\/64\/revisions\/282"}],"wp:attachment":[{"href":"https:\/\/hemnevet.no\/index.php?rest_route=%2Fwp%2Fv2%2Fmedia&parent=64"}],"curies":[{"name":"wp","href":"https:\/\/api.w.org\/{rel}","templated":true}]}}