{"id":56,"date":"2023-09-14T11:00:08","date_gmt":"2023-09-14T11:00:08","guid":{"rendered":"https:\/\/hemnevet.no\/?page_id=56"},"modified":"2025-08-08T13:14:18","modified_gmt":"2025-08-08T11:14:18","slug":"prisliste","status":"publish","type":"page","link":"https:\/\/hemnevet.no\/?page_id=56","title":{"rendered":"Prisliste"},"content":{"rendered":"\n<p>Her finner du priser p\u00e5 noen av v\u00e5re behandlinger p\u00e5 dyreklinikken. <\/p>\n\n\n\n<p>Prisen varierer avhengig av vekten p\u00e5 pasient og medisinbruk. Alle priser er oppgitt inklusiv MVA og med forbehold om endringer.<\/p>\n\n\n\n<p><\/p>\n\n\n\n<figure class=\"wp-block-table is-style-stripes\"><table><tbody><tr><td>Konsultasjon opptil 20 min<\/td><td>800,-<\/td><\/tr><tr><td>Helsesjekk og \u00e5rlig vaksinering katt<\/td><td>925,-<\/td><\/tr><tr><td>Helsesjekk og \u00e5rlig vaksinering hund (vanlig vaksine)<\/td><td>fra 945,-<\/td><\/tr><tr><td>Helsesjekk og rabies vaksine hund og katt<\/td><td>955,-<\/td><\/tr><tr><td>Tannrens katt inkl. tannr\u00f8ntgen<\/td><td>fra 2850,-<\/td><\/tr><tr><td>Tannrens hund (tannr\u00f8ntgen kommer i tillegg)<\/td><td>fra 2150,-<\/td><\/tr><tr><td>Kloklipp<\/td><td>330,- f\u00f8rste gang<br>150,- p\u00e5f\u00f8lgende ganger eller ved annen behandling<\/td><\/tr><tr><td>Pelsklipp katt i sedasjon inkl. oppv\u00e5kning<\/td><td>1990,-<\/td><\/tr><tr><td>Kastrering hannkatt<\/td><td>1525,-<\/td><\/tr><tr><td>Kastrering hannkatt pakkepris<\/td><td>2405,- inkluderer mikrochip og 2x vaksine<\/td><\/tr><tr><td>Kastrering hunnkatt<\/td><td>2805,-<\/td><\/tr><tr><td>Kastrering hunnkatt pakkepris<\/td><td>3685,- inkluderer mikrochip og 2x vaksine<\/td><\/tr><tr><td>Pass<\/td><td>736,-<\/td><\/tr><tr><td>ID-merking med registrering<\/td><td>1175,-<\/td><\/tr><tr><td>HD\/AD r\u00f8ntgen<\/td><td>fra 3200,-<\/td><\/tr><tr><td>HD r\u00f8ntgen<\/td><td>fra 2650,-<\/td><\/tr><tr><td>drektighetskontroll med ultralyd<\/td><td>1270,-<\/td><\/tr><tr><td>drektighetskontroll med r\u00f8ntgen <\/td><td>1030,-<\/td><\/tr><tr><td>resepthonorar<\/td><td>185,-<\/td><\/tr><tr><td>direkteoppgj\u00f8r forsikring<\/td><td>200,-<\/td><\/tr><tr><td>Attest i pass (tablett not inkludert)<\/td><td>185,-<\/td><\/tr><tr><td>Attest reise + ormekur 5-25kg hund<\/td><td>246,-<\/td><\/tr><\/tbody><\/table><\/figure>\n\n\n\n<p><\/p>\n\n\n\n<p><strong>For andre priser som operasjoner, tanntrekk osv ta gjerne kontakt med oss.<\/strong><\/p>\n\n\n\n<p><\/p>\n\n\n\n<h3 class=\"wp-block-heading\">Akuttvakt pristillegg<\/h3>\n\n\n\n<p>V\u00e6r oppmerksom p\u00e5 at det kommer vakttillegg p\u00e5 dagtakster utenom vanlig \u00e5pningstid (kveld 50%, natt, helg og helligdager 100%).<\/p>\n\n\n\n<p>Oppm\u00f8tehonorar p\u00e5 kveld (mellom kl 16 og 21) 1000,-<\/p>\n\n\n\n<p>Oppm\u00f8tehonorar natt\/helg (etter kl 21 og helg) 1875,-<\/p>\n\n\n\n<p><a href=\"https:\/\/www.anicura.no\/klinikker\/dyresykehus_trondheim\/\"><\/a><\/p>\n\n\n\n<h3 class=\"wp-block-heading\">Betaling<\/h3>\n\n\n\n<p>Vi tar imot kontant betaling, bankkort og kredittkort. Vi hjelper deg selvsagt med direkteoppgj\u00f8r med ditt forsikringsselskap dersom dette er en mulighet via din forsikring.<\/p>\n\n\n\n<p><\/p>\n\n\n\n<h3 class=\"wp-block-heading\">Forsikring<\/h3>\n\n\n\n<p>Vi anbefaler at du forsikrer kj\u00e6ledyret ditt, slik at dere kan f\u00e5 den hjelpen dere trenger dersom uhellet skulle v\u00e6re ute &#8211; ved sykdom eller skade.&nbsp;<\/p>\n\n\n\n<p>Du f\u00e5 et journalutskrift og kvittering fra oss som du kan sende til forsikringselskapet ditt og f\u00e5 pengene dine tilbake fra dem.<\/p>\n\n\n\n<p>Vi har direkteoppgj\u00f8rsavtale med Agria og kan ordne dette med et administrasjonsgebyr (hvis over 4000,-)<\/p>\n\n\n\n<p>Ved direkteoppgj\u00f8r, slipper du \u00e5 legge ut for forsikringsselskapet, men betaler bare egenandelen.&nbsp;<br>Husk \u00e5 ha med forsikringsnummer dersom du \u00f8nsker direkteoppgj\u00f8r.<\/p>\n\n\n\n<figure class=\"wp-block-image size-large\"><img fetchpriority=\"high\" decoding=\"async\" width=\"1024\" height=\"683\" src=\"https:\/\/hemnevet.no\/wp-content\/uploads\/2023\/09\/36620123492_f80ba5b838_k-1024x683.jpg\" alt=\"\" class=\"wp-image-75\" srcset=\"https:\/\/hemnevet.no\/wp-content\/uploads\/2023\/09\/36620123492_f80ba5b838_k-1024x683.jpg 1024w, https:\/\/hemnevet.no\/wp-content\/uploads\/2023\/09\/36620123492_f80ba5b838_k-300x200.jpg 300w, https:\/\/hemnevet.no\/wp-content\/uploads\/2023\/09\/36620123492_f80ba5b838_k-768x512.jpg 768w, https:\/\/hemnevet.no\/wp-content\/uploads\/2023\/09\/36620123492_f80ba5b838_k-1536x1024.jpg 1536w, https:\/\/hemnevet.no\/wp-content\/uploads\/2023\/09\/36620123492_f80ba5b838_k-1x1.jpg 1w, https:\/\/hemnevet.no\/wp-content\/uploads\/2023\/09\/36620123492_f80ba5b838_k.jpg 1920w\" sizes=\"(max-width: 1024px) 100vw, 1024px\" \/><\/figure>\n\n\n<!-- Google tag (gtag.js) -->\n<script async src=\"https:\/\/www.googletagmanager.com\/gtag\/js?id=G-9J0YWHQLM0\"><\/script>\n<script>\n  window.dataLayer = window.dataLayer || [];\n  function gtag(){dataLayer.push(arguments);}\n  gtag('js', new Date());\n\n  gtag('config', 'G-9J0YWHQLM0');\n<\/script>","protected":false},"excerpt":{"rendered":"<p>Her finner du priser p\u00e5 noen av v\u00e5re behandlinger p\u00e5 dyreklinikken. Prisen varierer avhengig av vekten p\u00e5 pasient og medisinbruk. Alle priser er oppgitt inklusiv MVA og med forbehold om endringer. Konsultasjon opptil 20 min 800,- Helsesjekk og \u00e5rlig vaksinering katt 925,- Helsesjekk og \u00e5rlig vaksinering hund (vanlig vaksine) fra 945,- Helsesjekk og rabies vaksine [&hellip;]<\/p>\n","protected":false},"author":1,"featured_media":0,"parent":0,"menu_order":0,"comment_status":"closed","ping_status":"closed","template":"","meta":{"_monsterinsights_skip_tracking":false,"_monsterinsights_sitenote_active":false,"_monsterinsights_sitenote_note":"","_monsterinsights_sitenote_category":0,"footnotes":""},"class_list":["post-56","page","type-page","status-publish","hentry"],"aioseo_notices":[],"_links":{"self":[{"href":"https:\/\/hemnevet.no\/index.php?rest_route=\/wp\/v2\/pages\/56","targetHints":{"allow":["GET"]}}],"collection":[{"href":"https:\/\/hemnevet.no\/index.php?rest_route=\/wp\/v2\/pages"}],"about":[{"href":"https:\/\/hemnevet.no\/index.php?rest_route=\/wp\/v2\/types\/page"}],"author":[{"embeddable":true,"href":"https:\/\/hemnevet.no\/index.php?rest_route=\/wp\/v2\/users\/1"}],"replies":[{"embeddable":true,"href":"https:\/\/hemnevet.no\/index.php?rest_route=%2Fwp%2Fv2%2Fcomments&post=56"}],"version-history":[{"count":13,"href":"https:\/\/hemnevet.no\/index.php?rest_route=\/wp\/v2\/pages\/56\/revisions"}],"predecessor-version":[{"id":279,"href":"https:\/\/hemnevet.no\/index.php?rest_route=\/wp\/v2\/pages\/56\/revisions\/279"}],"wp:attachment":[{"href":"https:\/\/hemnevet.no\/index.php?rest_route=%2Fwp%2Fv2%2Fmedia&parent=56"}],"curies":[{"name":"wp","href":"https:\/\/api.w.org\/{rel}","templated":true}]}}