{"id":42,"date":"2023-09-14T09:06:41","date_gmt":"2023-09-14T09:06:41","guid":{"rendered":"https:\/\/hemnevet.no\/?page_id=42"},"modified":"2025-08-08T13:12:09","modified_gmt":"2025-08-08T11:12:09","slug":"stordyr-tjenester","status":"publish","type":"page","link":"https:\/\/hemnevet.no\/?page_id=42","title":{"rendered":"Stordyr tjenester"},"content":{"rendered":"\n<h2 class=\"wp-block-heading\">Storfe og sm\u00e5fe<\/h2>\n\n\n\n<ul class=\"wp-block-list\">\n<li>Akuttvakt hele \u00e5ret<\/li>\n\n\n\n<li>Sykebes\u00f8k<\/li>\n\n\n\n<li>Inseminasjon og embryo innlegg (storfe)<\/li>\n\n\n\n<li>Attester og blodpr\u00f8ver<\/li>\n\n\n\n<li>DVP bes\u00f8k<\/li>\n\n\n\n<li>Veiledning og forebyggende helsearbeid<\/li>\n\n\n\n<li>Klauvbehandling<\/li>\n\n\n\n<li>Tidlig drektighet diagnostikk med ultralyd (storfe)<\/li>\n<\/ul>\n\n\n\n<h2 class=\"wp-block-heading\">Hest<\/h2>\n\n\n\n<ul class=\"wp-block-list\">\n<li>vaksinering<\/li>\n\n\n\n<li>sykebes\u00f8k <\/li>\n\n\n\n<li>tannbehandling<\/li>\n<\/ul>\n\n\n\n<p><strong>Andre produksjonsdyr som gris, alpakka &#8211; sykebes\u00f8k, kastrering, r\u00e5dgiving<\/strong><\/p>\n\n\n\n<p><\/p>\n\n\n\n<figure class=\"wp-block-image size-large\"><img fetchpriority=\"high\" decoding=\"async\" width=\"1024\" height=\"683\" src=\"https:\/\/hemnevet.no\/wp-content\/uploads\/2023\/09\/36651018271_3022b93675_k-1024x683.jpg\" alt=\"\" class=\"wp-image-43\" srcset=\"https:\/\/hemnevet.no\/wp-content\/uploads\/2023\/09\/36651018271_3022b93675_k-1024x683.jpg 1024w, https:\/\/hemnevet.no\/wp-content\/uploads\/2023\/09\/36651018271_3022b93675_k-300x200.jpg 300w, https:\/\/hemnevet.no\/wp-content\/uploads\/2023\/09\/36651018271_3022b93675_k-768x512.jpg 768w, https:\/\/hemnevet.no\/wp-content\/uploads\/2023\/09\/36651018271_3022b93675_k-1536x1024.jpg 1536w, https:\/\/hemnevet.no\/wp-content\/uploads\/2023\/09\/36651018271_3022b93675_k-1x1.jpg 1w, https:\/\/hemnevet.no\/wp-content\/uploads\/2023\/09\/36651018271_3022b93675_k.jpg 1920w\" sizes=\"(max-width: 1024px) 100vw, 1024px\" \/><\/figure>\n\n\n<!-- Google tag (gtag.js) -->\n<script async src=\"https:\/\/www.googletagmanager.com\/gtag\/js?id=G-9J0YWHQLM0\"><\/script>\n<script>\n  window.dataLayer = window.dataLayer || [];\n  function gtag(){dataLayer.push(arguments);}\n  gtag('js', new Date());\n\n  gtag('config', 'G-9J0YWHQLM0');\n<\/script>","protected":false},"excerpt":{"rendered":"<p>Storfe og sm\u00e5fe Hest Andre produksjonsdyr som gris, alpakka &#8211; sykebes\u00f8k, kastrering, r\u00e5dgiving<\/p>\n","protected":false},"author":1,"featured_media":0,"parent":0,"menu_order":0,"comment_status":"closed","ping_status":"closed","template":"","meta":{"_monsterinsights_skip_tracking":false,"_monsterinsights_sitenote_active":false,"_monsterinsights_sitenote_note":"","_monsterinsights_sitenote_category":0,"footnotes":""},"class_list":["post-42","page","type-page","status-publish","hentry"],"aioseo_notices":[],"_links":{"self":[{"href":"https:\/\/hemnevet.no\/index.php?rest_route=\/wp\/v2\/pages\/42","targetHints":{"allow":["GET"]}}],"collection":[{"href":"https:\/\/hemnevet.no\/index.php?rest_route=\/wp\/v2\/pages"}],"about":[{"href":"https:\/\/hemnevet.no\/index.php?rest_route=\/wp\/v2\/types\/page"}],"author":[{"embeddable":true,"href":"https:\/\/hemnevet.no\/index.php?rest_route=\/wp\/v2\/users\/1"}],"replies":[{"embeddable":true,"href":"https:\/\/hemnevet.no\/index.php?rest_route=%2Fwp%2Fv2%2Fcomments&post=42"}],"version-history":[{"count":3,"href":"https:\/\/hemnevet.no\/index.php?rest_route=\/wp\/v2\/pages\/42\/revisions"}],"predecessor-version":[{"id":275,"href":"https:\/\/hemnevet.no\/index.php?rest_route=\/wp\/v2\/pages\/42\/revisions\/275"}],"wp:attachment":[{"href":"https:\/\/hemnevet.no\/index.php?rest_route=%2Fwp%2Fv2%2Fmedia&parent=42"}],"curies":[{"name":"wp","href":"https:\/\/api.w.org\/{rel}","templated":true}]}}