{"id":119,"date":"2023-11-10T09:48:05","date_gmt":"2023-11-10T09:48:05","guid":{"rendered":"https:\/\/hemnevet.no\/?page_id=119"},"modified":"2025-08-08T13:14:48","modified_gmt":"2025-08-08T11:14:48","slug":"om-oss","status":"publish","type":"page","link":"https:\/\/hemnevet.no\/?page_id=119","title":{"rendered":"Om oss"},"content":{"rendered":"\t\t<div data-elementor-type=\"wp-post\" data-elementor-id=\"119\" class=\"elementor elementor-119\">\n\t\t\t\t<div class=\"elementor-element elementor-element-9c5d91c e-flex e-con-boxed e-con e-parent\" data-id=\"9c5d91c\" data-element_type=\"container\" data-e-type=\"container\">\n\t\t\t\t\t<div class=\"e-con-inner\">\n\t\t\t\t<div class=\"elementor-element elementor-element-6225c48 elementor-widget elementor-widget-text-editor\" data-id=\"6225c48\" data-element_type=\"widget\" data-e-type=\"widget\" data-widget_type=\"text-editor.default\">\n\t\t\t\t<div class=\"elementor-widget-container\">\n\t\t\t\t\t\t\t\t\t<h3 style=\"text-align: center;\">Hemne veterin\u00e6rkontor AS ble startet i 2008, og leverer veterin\u00e6rtjenester til Heim kommune og omr\u00e5der rundt. V\u00e5rt vaktdistrikt dekker gamle Hemne kommune og gamle Snillfjord kommune.<\/h3><h3 style=\"text-align: center;\">I april 2019 flyttet vi inn i nye lokaler i Trondheimsveien for \u00e5 kunne tilby flere og bedre tilbud til v\u00e5re sm\u00e5dyrspasienter. Her har vi en velutstyrt klinikk med en liten butikk.<\/h3>\t\t\t\t\t\t\t\t<\/div>\n\t\t\t\t<\/div>\n\t\t\t\t<div class=\"elementor-element elementor-element-c3f25bb elementor-widget elementor-widget-image\" data-id=\"c3f25bb\" data-element_type=\"widget\" data-e-type=\"widget\" data-widget_type=\"image.default\">\n\t\t\t\t<div class=\"elementor-widget-container\">\n\t\t\t\t\t\t\t\t\t\t\t\t\t\t\t<img fetchpriority=\"high\" decoding=\"async\" width=\"1024\" height=\"683\" src=\"https:\/\/hemnevet.no\/wp-content\/uploads\/2023\/11\/team-002-resized-1mb-1024x683.jpeg\" class=\"attachment-large size-large wp-image-118\" alt=\"our team\" srcset=\"https:\/\/hemnevet.no\/wp-content\/uploads\/2023\/11\/team-002-resized-1mb-1024x683.jpeg 1024w, https:\/\/hemnevet.no\/wp-content\/uploads\/2023\/11\/team-002-resized-1mb-300x200.jpeg 300w, https:\/\/hemnevet.no\/wp-content\/uploads\/2023\/11\/team-002-resized-1mb-768x512.jpeg 768w, https:\/\/hemnevet.no\/wp-content\/uploads\/2023\/11\/team-002-resized-1mb-1536x1024.jpeg 1536w, https:\/\/hemnevet.no\/wp-content\/uploads\/2023\/11\/team-002-resized-1mb-2048x1365.jpeg 2048w, https:\/\/hemnevet.no\/wp-content\/uploads\/2023\/11\/team-002-resized-1mb-1x1.jpeg 1w\" sizes=\"(max-width: 1024px) 100vw, 1024px\" \/>\t\t\t\t\t\t\t\t\t\t\t\t\t\t\t<\/div>\n\t\t\t\t<\/div>\n\t\t\t\t\t<\/div>\n\t\t\t\t<\/div>\n\t\t<div class=\"elementor-element elementor-element-582b525 e-flex e-con-boxed e-con e-parent\" data-id=\"582b525\" data-element_type=\"container\" data-e-type=\"container\">\n\t\t\t\t\t<div class=\"e-con-inner\">\n\t\t\t\t<div class=\"elementor-element elementor-element-1701f4b elementor-widget elementor-widget-elementskit-team\" data-id=\"1701f4b\" data-element_type=\"widget\" data-e-type=\"widget\" data-widget_type=\"elementskit-team.default\">\n\t\t\t\t<div class=\"elementor-widget-container\">\n\t\t\t\t\t<div class=\"ekit-wid-con\">\n\t\t\t\t\t\t\t\t\t\t\t\t\t\t\t\t\t\t\t\t\t\t\t\t<div class=\"profile-image-card elementor-animation- ekit-team-img ekit-team-style-overlay text-center\">\n\n\t\t\t\t\t\t\t\t\t\t\t\t\t<img decoding=\"async\" width=\"683\" height=\"1024\" src=\"https:\/\/hemnevet.no\/wp-content\/uploads\/2023\/11\/Siri-001-resized-1mb-683x1024.jpeg\" class=\"attachment-large size-large wp-image-117\" alt=\"Siri\" srcset=\"https:\/\/hemnevet.no\/wp-content\/uploads\/2023\/11\/Siri-001-resized-1mb-683x1024.jpeg 683w, https:\/\/hemnevet.no\/wp-content\/uploads\/2023\/11\/Siri-001-resized-1mb-200x300.jpeg 200w, https:\/\/hemnevet.no\/wp-content\/uploads\/2023\/11\/Siri-001-resized-1mb-768x1152.jpeg 768w, https:\/\/hemnevet.no\/wp-content\/uploads\/2023\/11\/Siri-001-resized-1mb-1024x1536.jpeg 1024w, https:\/\/hemnevet.no\/wp-content\/uploads\/2023\/11\/Siri-001-resized-1mb-1366x2048.jpeg 1366w, https:\/\/hemnevet.no\/wp-content\/uploads\/2023\/11\/Siri-001-resized-1mb-1x1.jpeg 1w, https:\/\/hemnevet.no\/wp-content\/uploads\/2023\/11\/Siri-001-resized-1mb-scaled.jpeg 1707w\" sizes=\"(max-width: 683px) 100vw, 683px\" \/>\t\t\t\t\t\t\t\t\t\t\t\t<div class=\"hover-area\">\n\t\t\t\t\t\t\t<div class=\"profile-body\">\n\t\t\t\t\t\t\t\t<h2 class=\"profile-title\">\n\t\t\t\t\t\t\t\t\t\t\t\t\t\t\t\t\tSiri Live Svelle\t\t\t\t\t\t\t\t\t\t\t\t\t\t\t\t<\/h2>\n\t\t\t\t\t\t\t\t<p class=\"profile-designation\">Veterin\u00e6r<\/p>\n\t\t\t\t\t\t\t\t\t\t\t\t\t\t\t\t<p class=\"profile-content\">Ble uteksaminert fra Szant Istvan University of Budapest i 2010, har jobbet flere steder i Norge med sm\u00e5 og store dyr etter dette. Kj\u00f8pte Hemne Veterin\u00e6rkontor sammen med Johan Haugen og Hanne T. Hansen i 2015, og har siden jobbet her. \nHar tatt etterutdanning innen oftalmologi, bl\u00f8tvevskirurgi og flere kurs innen tannhelse p\u00e5 hund og katt. Er spesielt interessert i tenner og bl\u00f8tvevskirurgi, samt alle de sm\u00e5 utfordringer en m\u00f8ter i veterin\u00e6ryrket. \n\nP\u00e5 hjemmebane er mor til 3 barn, har 3 hunder, en katt og noen h\u00f8ner.\n Tiden som ikke blir brukt til dette blir gitt til tur og lek i skog og fjell, samt \u00e5 dyrke det familien trenger av gr\u00f8nsaker i l\u00f8pe av \u00e5ret. \n<\/p>\n\t\t\t\t\t\t\t\t\t\t\t\t\t\t\t<\/div>\n\t\t\t\t\t\t\t\t\t\t\t\t\t<\/div>\n\t\t\t\t\t<\/div>\n\t\t\t\t\t\n\t\t\t\t\n\t\t\t\t<\/div>\t\t\t\t<\/div>\n\t\t\t\t<\/div>\n\t\t\t\t<div class=\"elementor-element elementor-element-aee6333 elementor-widget elementor-widget-elementskit-team\" data-id=\"aee6333\" data-element_type=\"widget\" data-e-type=\"widget\" data-widget_type=\"elementskit-team.default\">\n\t\t\t\t<div class=\"elementor-widget-container\">\n\t\t\t\t\t<div class=\"ekit-wid-con\">\n\t\t\t\t\t\t\t\t\t\t\t\t\t\t\t\t\t\t\t\t\t\t\t\t<div class=\"profile-image-card elementor-animation- ekit-team-img ekit-team-style-overlay text-center\">\n\n\t\t\t\t\t\t\t\t\t\t\t\t\t<img decoding=\"async\" src=\"https:\/\/hemnevet.no\/wp-content\/uploads\/2023\/11\/johan-001-resized-1mb.jpeg\" title=\"johan 001 resized 1mb\" alt=\"Johan\" loading=\"lazy\" \/>\t\t\t\t\t\t\t\t\t\t\t\t<div class=\"hover-area\">\n\t\t\t\t\t\t\t<div class=\"profile-body\">\n\t\t\t\t\t\t\t\t<h2 class=\"profile-title\">\n\t\t\t\t\t\t\t\t\t\t\t\t\t\t\t\t\tJohan Haugen\t\t\t\t\t\t\t\t\t\t\t\t\t\t\t\t<\/h2>\n\t\t\t\t\t\t\t\t<p class=\"profile-designation\">Veterin\u00e6r<\/p>\n\t\t\t\t\t\t\t\t\t\t\t\t\t\t\t\t<p class=\"profile-content\">produksjonsdyrveterin\u00e6r med spesial interesse i embryo innleg<\/p>\n\t\t\t\t\t\t\t\t\t\t\t\t\t\t\t<\/div>\n\t\t\t\t\t\t\t\t\t\t\t\t\t<\/div>\n\t\t\t\t\t<\/div>\n\t\t\t\t\t\n\t\t\t\t\n\t\t\t\t<\/div>\t\t\t\t<\/div>\n\t\t\t\t<\/div>\n\t\t\t\t<div class=\"elementor-element elementor-element-58ad2e8 elementor-widget elementor-widget-elementskit-team\" data-id=\"58ad2e8\" data-element_type=\"widget\" data-e-type=\"widget\" data-widget_type=\"elementskit-team.default\">\n\t\t\t\t<div class=\"elementor-widget-container\">\n\t\t\t\t\t<div class=\"ekit-wid-con\">\n\t\t\t\t\t\t\t\t\t\t\t\t\t\t\t\t\t\t\t\t\t\t\t\t<div class=\"profile-image-card elementor-animation- ekit-team-img ekit-team-style-overlay text-center\">\n\n\t\t\t\t\t\t\t\t\t\t\t\t\t<img decoding=\"async\" width=\"683\" height=\"1024\" src=\"https:\/\/hemnevet.no\/wp-content\/uploads\/2023\/11\/lucie-001-resized-1mb-683x1024.jpeg\" class=\"attachment-large size-large wp-image-115\" alt=\"Lucie\" srcset=\"https:\/\/hemnevet.no\/wp-content\/uploads\/2023\/11\/lucie-001-resized-1mb-683x1024.jpeg 683w, https:\/\/hemnevet.no\/wp-content\/uploads\/2023\/11\/lucie-001-resized-1mb-200x300.jpeg 200w, https:\/\/hemnevet.no\/wp-content\/uploads\/2023\/11\/lucie-001-resized-1mb-768x1152.jpeg 768w, https:\/\/hemnevet.no\/wp-content\/uploads\/2023\/11\/lucie-001-resized-1mb-1024x1536.jpeg 1024w, https:\/\/hemnevet.no\/wp-content\/uploads\/2023\/11\/lucie-001-resized-1mb-1365x2048.jpeg 1365w, https:\/\/hemnevet.no\/wp-content\/uploads\/2023\/11\/lucie-001-resized-1mb-1x2.jpeg 1w, https:\/\/hemnevet.no\/wp-content\/uploads\/2023\/11\/lucie-001-resized-1mb-scaled.jpeg 1706w\" sizes=\"(max-width: 683px) 100vw, 683px\" \/>\t\t\t\t\t\t\t\t\t\t\t\t<div class=\"hover-area\">\n\t\t\t\t\t\t\t<div class=\"profile-body\">\n\t\t\t\t\t\t\t\t<h2 class=\"profile-title\">\n\t\t\t\t\t\t\t\t\t\t\t\t\t\t\t\t\tLucie Toma\t\t\t\t\t\t\t\t\t\t\t\t\t\t\t\t<\/h2>\n\t\t\t\t\t\t\t\t<p class=\"profile-designation\">Veterin\u00e6r<\/p>\n\t\t\t\t\t\t\t\t\t\t\t\t\t\t\t\t<p class=\"profile-content\">Lucie kom til Norge og starte \u00e5 jobbe hos oss i 2017. Hun er utdannet i 2010 og siden da har hun jobbet som veterin\u00e6r i Tsjekkia, Irland og Skottland. Hun tar spesial interesse i bildediagnostikk (ultralyd) og katt sykdommer, men liker ogs\u00e5 \u00e5 kj\u00f8re stordyrpraksis. <\/p>\n\t\t\t\t\t\t\t\t\t\t\t\t\t\t\t<\/div>\n\t\t\t\t\t\t\t\t\t\t\t\t\t<\/div>\n\t\t\t\t\t<\/div>\n\t\t\t\t\t\n\t\t\t\t\n\t\t\t\t<\/div>\t\t\t\t<\/div>\n\t\t\t\t<\/div>\n\t\t\t\t<div class=\"elementor-element elementor-element-bfbdf24 elementor-widget elementor-widget-elementskit-team\" data-id=\"bfbdf24\" data-element_type=\"widget\" data-e-type=\"widget\" data-widget_type=\"elementskit-team.default\">\n\t\t\t\t<div class=\"elementor-widget-container\">\n\t\t\t\t\t<div class=\"ekit-wid-con\">\n\t\t\t\t\t\t\t\t\t\t\t\t\t\t\t\t\t\t\t\t\t\t\t\t<div class=\"profile-image-card elementor-animation- ekit-team-img ekit-team-style-overlay text-center\">\n\n\t\t\t\t\t\t\t\t\t\t\t\t\t<img loading=\"lazy\" decoding=\"async\" width=\"683\" height=\"1024\" src=\"https:\/\/hemnevet.no\/wp-content\/uploads\/2023\/11\/Rosta-001-resized-1mb-683x1024.jpeg\" class=\"attachment-large size-large wp-image-116\" alt=\"Rosta\" srcset=\"https:\/\/hemnevet.no\/wp-content\/uploads\/2023\/11\/Rosta-001-resized-1mb-683x1024.jpeg 683w, https:\/\/hemnevet.no\/wp-content\/uploads\/2023\/11\/Rosta-001-resized-1mb-200x300.jpeg 200w, https:\/\/hemnevet.no\/wp-content\/uploads\/2023\/11\/Rosta-001-resized-1mb-768x1152.jpeg 768w, https:\/\/hemnevet.no\/wp-content\/uploads\/2023\/11\/Rosta-001-resized-1mb-1024x1536.jpeg 1024w, https:\/\/hemnevet.no\/wp-content\/uploads\/2023\/11\/Rosta-001-resized-1mb-1365x2048.jpeg 1365w, https:\/\/hemnevet.no\/wp-content\/uploads\/2023\/11\/Rosta-001-resized-1mb-1x2.jpeg 1w, https:\/\/hemnevet.no\/wp-content\/uploads\/2023\/11\/Rosta-001-resized-1mb.jpeg 1619w\" sizes=\"(max-width: 683px) 100vw, 683px\" \/>\t\t\t\t\t\t\t\t\t\t\t\t<div class=\"hover-area\">\n\t\t\t\t\t\t\t<div class=\"profile-body\">\n\t\t\t\t\t\t\t\t<h2 class=\"profile-title\">\n\t\t\t\t\t\t\t\t\t\t\t\t\t\t\t\t\tRastislav Petrovic\t\t\t\t\t\t\t\t\t\t\t\t\t\t\t\t<\/h2>\n\t\t\t\t\t\t\t\t<p class=\"profile-designation\">Veterin\u00e6r<\/p>\n\t\t\t\t\t\t\t\t\t\t\t\t\t\t\t\t<p class=\"profile-content\">Rosta er utdannet i Veterin\u00e6r universitet i Ko\u0161ice. Han har jobbet som veterin\u00e6r i Slovakia p\u00e5 b\u00e5de kombinert praksis og som storfe veterin\u00e6r i store intensivt produksjons g\u00e5rder. Han driver med viltdyr fotografering i fritiden hans og liker \u00e5 reise til hele verden \u00e5 f\u00e5 den beste bilde.  <\/p>\n\t\t\t\t\t\t\t\t\t\t\t\t\t\t\t<\/div>\n\t\t\t\t\t\t\t\t\t\t\t\t\t<\/div>\n\t\t\t\t\t<\/div>\n\t\t\t\t\t\n\t\t\t\t\n\t\t\t\t<\/div>\t\t\t\t<\/div>\n\t\t\t\t<\/div>\n\t\t\t\t<div class=\"elementor-element elementor-element-604fe2e elementor-widget elementor-widget-elementskit-team\" data-id=\"604fe2e\" data-element_type=\"widget\" data-e-type=\"widget\" data-widget_type=\"elementskit-team.default\">\n\t\t\t\t<div class=\"elementor-widget-container\">\n\t\t\t\t\t<div class=\"ekit-wid-con\">\n\t\t\t\t\t\t\t\t\t\t\t\t\t\t\t\t\t\t\t\t\t\t\t\t<div class=\"profile-image-card elementor-animation- ekit-team-img ekit-team-style-overlay text-center\">\n\n\t\t\t\t\t\t\t\t\t\t\t\t\t<img loading=\"lazy\" decoding=\"async\" width=\"683\" height=\"1024\" src=\"https:\/\/hemnevet.no\/wp-content\/uploads\/2023\/11\/karen-001-resized-1mb-683x1024.jpeg\" class=\"attachment-large size-large wp-image-114\" alt=\"Karen\" srcset=\"https:\/\/hemnevet.no\/wp-content\/uploads\/2023\/11\/karen-001-resized-1mb-683x1024.jpeg 683w, https:\/\/hemnevet.no\/wp-content\/uploads\/2023\/11\/karen-001-resized-1mb-200x300.jpeg 200w, https:\/\/hemnevet.no\/wp-content\/uploads\/2023\/11\/karen-001-resized-1mb-768x1152.jpeg 768w, https:\/\/hemnevet.no\/wp-content\/uploads\/2023\/11\/karen-001-resized-1mb-1024x1536.jpeg 1024w, https:\/\/hemnevet.no\/wp-content\/uploads\/2023\/11\/karen-001-resized-1mb-1366x2048.jpeg 1366w, https:\/\/hemnevet.no\/wp-content\/uploads\/2023\/11\/karen-001-resized-1mb-1x1.jpeg 1w, https:\/\/hemnevet.no\/wp-content\/uploads\/2023\/11\/karen-001-resized-1mb-scaled.jpeg 1707w\" sizes=\"(max-width: 683px) 100vw, 683px\" \/>\t\t\t\t\t\t\t\t\t\t\t\t<div class=\"hover-area\">\n\t\t\t\t\t\t\t<div class=\"profile-body\">\n\t\t\t\t\t\t\t\t<h2 class=\"profile-title\">\n\t\t\t\t\t\t\t\t\t\t\t\t\t\t\t\t\tKaren Birgitte Goa\t\t\t\t\t\t\t\t\t\t\t\t\t\t\t\t<\/h2>\n\t\t\t\t\t\t\t\t<p class=\"profile-designation\">Veterin\u00e6r<\/p>\n\t\t\t\t\t\t\t\t\t\t\t\t\t\t\t\t<p class=\"profile-content\">Karen Birgitte har studert ved Nord Universitet i Bod\u00f8 og University of Veterinary Medicine and Pharmacy i Kosice, Slovakia.\nMed seg derfra har hun en veterin\u00e6rutdanning fra 2023, samt en bachelor i dyrevitenskap.\nHun har hatt store deler av praksisperioden sin, samt jobbet p\u00e5 midlertidig lisens hos oss p\u00e5 Hemne veterin\u00e6rkontor.\n Hun er oppvokst med storfe, sau, hund og katt p\u00e5 g\u00e5rd i \u00c5rv\u00e5gsfjorden i Aure kommune.\n \nI fritida g\u00e5r mye av tida med til Collien Kliff, tantebarn, og \u00e5 hjelpe til hjemme p\u00e5 g\u00e5rden.\n<\/p>\n\t\t\t\t\t\t\t\t\t\t\t\t\t\t\t<\/div>\n\t\t\t\t\t\t\t\t\t\t\t\t\t<\/div>\n\t\t\t\t\t<\/div>\n\t\t\t\t\t\n\t\t\t\t\n\t\t\t\t<\/div>\t\t\t\t<\/div>\n\t\t\t\t<\/div>\n\t\t\t\t<div class=\"elementor-element elementor-element-19fc53e elementor-widget elementor-widget-elementskit-team\" data-id=\"19fc53e\" data-element_type=\"widget\" data-e-type=\"widget\" data-widget_type=\"elementskit-team.default\">\n\t\t\t\t<div class=\"elementor-widget-container\">\n\t\t\t\t\t<div class=\"ekit-wid-con\">\n\t\t\t\t\t\t\t\t\t\t\t\t\t\t\t\t\t\t\t\t\t\t\t\t<div class=\"profile-image-card elementor-animation- ekit-team-img ekit-team-style-overlay text-center\">\n\n\t\t\t\t\t\t\t\t\t\t\t\t\t<img loading=\"lazy\" decoding=\"async\" width=\"683\" height=\"1024\" src=\"https:\/\/hemnevet.no\/wp-content\/uploads\/2023\/11\/hanne-001-fullq_1200_1799-683x1024.jpg\" class=\"attachment-large size-large wp-image-107\" alt=\"\" srcset=\"https:\/\/hemnevet.no\/wp-content\/uploads\/2023\/11\/hanne-001-fullq_1200_1799-683x1024.jpg 683w, https:\/\/hemnevet.no\/wp-content\/uploads\/2023\/11\/hanne-001-fullq_1200_1799-200x300.jpg 200w, https:\/\/hemnevet.no\/wp-content\/uploads\/2023\/11\/hanne-001-fullq_1200_1799-768x1151.jpg 768w, https:\/\/hemnevet.no\/wp-content\/uploads\/2023\/11\/hanne-001-fullq_1200_1799-1025x1536.jpg 1025w, https:\/\/hemnevet.no\/wp-content\/uploads\/2023\/11\/hanne-001-fullq_1200_1799-1x1.jpg 1w, https:\/\/hemnevet.no\/wp-content\/uploads\/2023\/11\/hanne-001-fullq_1200_1799.jpg 1200w\" sizes=\"(max-width: 683px) 100vw, 683px\" \/>\t\t\t\t\t\t\t\t\t\t\t\t<div class=\"hover-area\">\n\t\t\t\t\t\t\t<div class=\"profile-body\">\n\t\t\t\t\t\t\t\t<h2 class=\"profile-title\">\n\t\t\t\t\t\t\t\t\t\t\t\t\t\t\t\t\tHanne Tangen Hansen\t\t\t\t\t\t\t\t\t\t\t\t\t\t\t\t<\/h2>\n\t\t\t\t\t\t\t\t<p class=\"profile-designation\">Daglig leder og assistent<\/p>\n\t\t\t\t\t\t\t\t\t\t\t\t\t\t\t\t<p class=\"profile-content\">Hanne har v\u00e6rt ansatt i Hemne veterin\u00e6rkontor AS siden januar 2011. Hun startet da som klinikkassistent og ble senere daglig leder. \nHanne er utdannet agronom. Hun har flere kurs b\u00e5de innenfor dyrepleie, og i ledelse og \u00f8konomi. \nP\u00e5 fritiden kj\u00f8rer Hanne rundt p\u00e5 sine to ten\u00e5ringer og g\u00e5r tur med sin tibetanske terrier, Anton. <\/p>\n\t\t\t\t\t\t\t\t\t\t\t\t\t\t\t<\/div>\n\t\t\t\t\t\t\t\t\t\t\t\t\t<\/div>\n\t\t\t\t\t<\/div>\n\t\t\t\t\t\n\t\t\t\t\n\t\t\t\t<\/div>\t\t\t\t<\/div>\n\t\t\t\t<\/div>\n\t\t\t\t\t<\/div>\n\t\t\t\t<\/div>\n\t\t\t\t<\/div>\n\t\t","protected":false},"excerpt":{"rendered":"<p>Hemne veterin\u00e6rkontor AS ble startet i 2008, og leverer veterin\u00e6rtjenester til Heim kommune og omr\u00e5der rundt. V\u00e5rt vaktdistrikt dekker gamle Hemne kommune og gamle Snillfjord kommune. I april 2019 flyttet vi inn i nye lokaler i Trondheimsveien for \u00e5 kunne tilby flere og bedre tilbud til v\u00e5re sm\u00e5dyrspasienter. Her har vi en velutstyrt klinikk med [&hellip;]<\/p>\n","protected":false},"author":1,"featured_media":118,"parent":0,"menu_order":0,"comment_status":"closed","ping_status":"closed","template":"","meta":{"_monsterinsights_skip_tracking":false,"_monsterinsights_sitenote_active":false,"_monsterinsights_sitenote_note":"","_monsterinsights_sitenote_category":0,"footnotes":""},"class_list":["post-119","page","type-page","status-publish","has-post-thumbnail","hentry"],"aioseo_notices":[],"_links":{"self":[{"href":"https:\/\/hemnevet.no\/index.php?rest_route=\/wp\/v2\/pages\/119","targetHints":{"allow":["GET"]}}],"collection":[{"href":"https:\/\/hemnevet.no\/index.php?rest_route=\/wp\/v2\/pages"}],"about":[{"href":"https:\/\/hemnevet.no\/index.php?rest_route=\/wp\/v2\/types\/page"}],"author":[{"embeddable":true,"href":"https:\/\/hemnevet.no\/index.php?rest_route=\/wp\/v2\/users\/1"}],"replies":[{"embeddable":true,"href":"https:\/\/hemnevet.no\/index.php?rest_route=%2Fwp%2Fv2%2Fcomments&post=119"}],"version-history":[{"count":50,"href":"https:\/\/hemnevet.no\/index.php?rest_route=\/wp\/v2\/pages\/119\/revisions"}],"predecessor-version":[{"id":280,"href":"https:\/\/hemnevet.no\/index.php?rest_route=\/wp\/v2\/pages\/119\/revisions\/280"}],"wp:featuredmedia":[{"embeddable":true,"href":"https:\/\/hemnevet.no\/index.php?rest_route=\/wp\/v2\/media\/118"}],"wp:attachment":[{"href":"https:\/\/hemnevet.no\/index.php?rest_route=%2Fwp%2Fv2%2Fmedia&parent=119"}],"curies":[{"name":"wp","href":"https:\/\/api.w.org\/{rel}","templated":true}]}}